{"id":44349,"date":"2021-09-24T09:14:15","date_gmt":"2021-09-24T07:14:15","guid":{"rendered":"https:\/\/losmuseosdelacostavasca.eus\/?page_id=44349"},"modified":"2023-02-17T12:47:12","modified_gmt":"2023-02-17T11:47:12","slug":"descuentos-ventajas","status":"publish","type":"page","link":"https:\/\/losmuseosdelacostavasca.eus\/es\/descuentos-ventajas\/","title":{"rendered":"Descuentos"},"content":{"rendered":"\t\t<div data-elementor-type=\"wp-page\" data-elementor-id=\"44349\" class=\"elementor elementor-44349\">\n\t\t\t\t\t\t<section class=\"elementor-section elementor-top-section elementor-element elementor-element-742ec0dd elementor-section-boxed elementor-section-height-default elementor-section-height-default\" data-id=\"742ec0dd\" data-element_type=\"section\" data-settings=\"{&quot;background_background&quot;:&quot;classic&quot;}\">\n\t\t\t\t\t\t\t<div class=\"elementor-background-overlay\"><\/div>\n\t\t\t\t\t\t\t<div class=\"elementor-container elementor-column-gap-default\">\n\t\t\t\t\t<div class=\"jvfrm-parallax-section elementor-column elementor-col-100 elementor-top-column elementor-element elementor-element-64ca0043\" data-id=\"64ca0043\" data-element_type=\"column\">\n\t\t\t<div class=\"elementor-widget-wrap elementor-element-populated\">\n\t\t\t\t\t\t<div class=\"elementor-element elementor-element-6f4184 elementor-widget elementor-widget-heading\" data-id=\"6f4184\" data-element_type=\"widget\" data-widget_type=\"heading.default\">\n\t\t\t\t<div class=\"elementor-widget-container\">\n\t\t\t<h2 class=\"elementor-heading-title elementor-size-default\">Descuentos y ventajas<\/h2>\t\t<\/div>\n\t\t\t\t<\/div>\n\t\t\t\t\t<\/div>\n\t\t<\/div>\n\t\t\t\t\t<\/div>\n\t\t<\/section>\n\t\t\t\t<section class=\"elementor-section elementor-top-section elementor-element elementor-element-9552165 elementor-section-stretched elementor-reverse-mobile elementor-section-boxed elementor-section-height-default elementor-section-height-default\" data-id=\"9552165\" data-element_type=\"section\" data-settings=\"{&quot;stretch_section&quot;:&quot;section-stretched&quot;}\">\n\t\t\t\t\t\t<div class=\"elementor-container elementor-column-gap-default\">\n\t\t\t\t\t<div class=\"jvfrm-parallax-section elementor-column elementor-col-50 elementor-top-column elementor-element elementor-element-664a83f7\" data-id=\"664a83f7\" data-element_type=\"column\">\n\t\t\t<div class=\"elementor-widget-wrap elementor-element-populated\">\n\t\t\t\t\t\t<div class=\"elementor-element elementor-element-d5c5dfd elementor-widget elementor-widget-image\" data-id=\"d5c5dfd\" data-element_type=\"widget\" data-widget_type=\"image.default\">\n\t\t\t\t<div class=\"elementor-widget-container\">\n\t\t\t\t\t\t\t\t\t\t\t\t\t<img fetchpriority=\"high\" decoding=\"async\" width=\"1024\" height=\"699\" src=\"https:\/\/losmuseosdelacostavasca.eus\/wp-content\/uploads\/descuentos-y-ventajas-1024x699.jpg\" class=\"attachment-large size-large wp-image-44420\" alt=\"\" srcset=\"https:\/\/losmuseosdelacostavasca.eus\/wp-content\/uploads\/descuentos-y-ventajas-1024x699.jpg 1024w, https:\/\/losmuseosdelacostavasca.eus\/wp-content\/uploads\/descuentos-y-ventajas-300x205.jpg 300w, https:\/\/losmuseosdelacostavasca.eus\/wp-content\/uploads\/descuentos-y-ventajas-768x524.jpg 768w, https:\/\/losmuseosdelacostavasca.eus\/wp-content\/uploads\/descuentos-y-ventajas-1536x1048.jpg 1536w, https:\/\/losmuseosdelacostavasca.eus\/wp-content\/uploads\/descuentos-y-ventajas.jpg 1860w\" sizes=\"(max-width: 1024px) 100vw, 1024px\" \/>\t\t\t\t\t\t\t\t\t\t\t\t\t<\/div>\n\t\t\t\t<\/div>\n\t\t\t\t\t<\/div>\n\t\t<\/div>\n\t\t\t\t<div class=\"jvfrm-parallax-section elementor-column elementor-col-50 elementor-top-column elementor-element elementor-element-1a1618d1\" data-id=\"1a1618d1\" data-element_type=\"column\">\n\t\t\t<div class=\"elementor-widget-wrap elementor-element-populated\">\n\t\t\t\t\t\t<section class=\"elementor-section elementor-inner-section elementor-element elementor-element-62fd3ec6 elementor-section-boxed elementor-section-height-default elementor-section-height-default\" data-id=\"62fd3ec6\" data-element_type=\"section\">\n\t\t\t\t\t\t<div class=\"elementor-container elementor-column-gap-default\">\n\t\t\t\t\t<div class=\"jvfrm-parallax-section elementor-column elementor-col-100 elementor-inner-column elementor-element elementor-element-7f54d67b\" data-id=\"7f54d67b\" data-element_type=\"column\">\n\t\t\t<div class=\"elementor-widget-wrap elementor-element-populated\">\n\t\t\t\t\t\t<div class=\"elementor-element elementor-element-629a3fb elementor-widget elementor-widget-text-editor\" data-id=\"629a3fb\" data-element_type=\"widget\" data-widget_type=\"text-editor.default\">\n\t\t\t\t<div class=\"elementor-widget-container\">\n\t\t\t\t\t\t\t<p>La red de museos de la costa vasca tiene un programa de descuentos y ventajas para facilitar la visita a sus centros a todos los p\u00fablicos. Desc\u00e1rgate la gu\u00eda con la informaci\u00f3n de los museos y los descuentos y s\u00e9llala en cualquier centro de la red para poder disfrutar de todas las ventajas que se ofrecen.<\/p>\t\t\t\t\t\t<\/div>\n\t\t\t\t<\/div>\n\t\t\t\t<div class=\"elementor-element elementor-element-392affd elementor-align-center elementor-widget elementor-widget-button\" data-id=\"392affd\" data-element_type=\"widget\" data-widget_type=\"button.default\">\n\t\t\t\t<div class=\"elementor-widget-container\">\n\t\t\t\t\t<div class=\"elementor-button-wrapper\">\n\t\t\t<a class=\"elementor-button elementor-button-link elementor-size-sm\" href=\"https:\/\/losmuseosdelacostavasca.eus\/wp-content\/uploads\/museos-costa-vasca-abantailak-2020.pdf\" target=\"_blank\">\n\t\t\t\t\t\t<span class=\"elementor-button-content-wrapper\">\n\t\t\t\t\t\t<span class=\"elementor-button-text\">QUIERO LA GU\u00cdA DE DESCUENTOS<\/span>\n\t\t<\/span>\n\t\t\t\t\t<\/a>\n\t\t<\/div>\n\t\t\t\t<\/div>\n\t\t\t\t<\/div>\n\t\t\t\t<div class=\"elementor-element elementor-element-eb0ca14 elementor-widget elementor-widget-text-editor\" data-id=\"eb0ca14\" data-element_type=\"widget\" data-widget_type=\"text-editor.default\">\n\t\t\t\t<div class=\"elementor-widget-container\">\n\t\t\t\t\t\t\t<p><em>Nota: Las ventajas y descuentos incluidos en la gu\u00eda estar\u00e1n vigentes salvo error tipogr\u00e1fico <\/em><em>o hasta que la red de museos decida y\/o comunique lo contrario en esta misma web y\/o <\/em><em>otros medios.<\/em><\/p>\t\t\t\t\t\t<\/div>\n\t\t\t\t<\/div>\n\t\t\t\t\t<\/div>\n\t\t<\/div>\n\t\t\t\t\t<\/div>\n\t\t<\/section>\n\t\t\t\t\t<\/div>\n\t\t<\/div>\n\t\t\t\t\t<\/div>\n\t\t<\/section>\n\t\t\t\t<\/div>\n\t\t","protected":false},"excerpt":{"rendered":"<p>Descuentos y ventajas La red de museos de la costa vasca tiene un programa de descuentos y ventajas para facilitar la visita a sus centros a todos los p\u00fablicos. Desc\u00e1rgate la gu\u00eda con la informaci\u00f3n de los museos y los descuentos y s\u00e9llala en cualquier centro de la red para poder disfrutar de todas las [&hellip;]<\/p>\n","protected":false},"author":1,"featured_media":0,"parent":0,"menu_order":16,"comment_status":"closed","ping_status":"closed","template":"elementor_header_footer","meta":{"footnotes":""},"class_list":["post-44349","page","type-page","status-publish","hentry"],"yoast_head":"<!-- This site is optimized with the Yoast SEO plugin v27.3 - https:\/\/yoast.com\/product\/yoast-seo-wordpress\/ -->\n<title>Descuentos y ventajas | Museos de la Costa Vasca<\/title>\n<meta name=\"description\" content=\"\u00bfQuieres conocer y formar parte del programa de fidelizaci\u00f3n de la red de museos de la Costa Vasca? Interesantes descuentos y ventajas te esperan y... \u00a1es gratis!\" \/>\n<meta name=\"robots\" content=\"index, follow, max-snippet:-1, max-image-preview:large, max-video-preview:-1\" \/>\n<link rel=\"canonical\" href=\"https:\/\/losmuseosdelacostavasca.eus\/descuentos-ventajas\/\" \/>\n<meta property=\"og:locale\" content=\"es_ES\" \/>\n<meta property=\"og:type\" content=\"article\" \/>\n<meta property=\"og:title\" content=\"Descuentos y ventajas | Museos de la Costa Vasca\" \/>\n<meta property=\"og:description\" content=\"\u00bfQuieres conocer y formar parte del programa de fidelizaci\u00f3n de la red de museos de la Costa Vasca? Interesantes descuentos y ventajas te esperan y... \u00a1es gratis!\" \/>\n<meta property=\"og:url\" content=\"https:\/\/losmuseosdelacostavasca.eus\/descuentos-ventajas\/\" \/>\n<meta property=\"og:site_name\" content=\"Red Museos Costa Vasca\" \/>\n<meta property=\"article:modified_time\" content=\"2023-02-17T11:47:12+00:00\" \/>\n<meta property=\"og:image\" content=\"https:\/\/losmuseosdelacostavasca.eus\/wp-content\/uploads\/descuentos-y-ventajas-1024x699.jpg\" \/>\n<meta name=\"twitter:card\" content=\"summary_large_image\" \/>\n<meta name=\"twitter:label1\" content=\"Tiempo de lectura\" \/>\n\t<meta name=\"twitter:data1\" content=\"1 minuto\" \/>\n<script type=\"application\/ld+json\" class=\"yoast-schema-graph\">{\"@context\":\"https:\\\/\\\/schema.org\",\"@graph\":[{\"@type\":\"WebPage\",\"@id\":\"https:\\\/\\\/losmuseosdelacostavasca.eus\\\/es\\\/descuentos-ventajas\\\/\",\"url\":\"https:\\\/\\\/losmuseosdelacostavasca.eus\\\/descuentos-ventajas\\\/\",\"name\":\"Descuentos y ventajas | Museos de la Costa Vasca\",\"isPartOf\":{\"@id\":\"https:\\\/\\\/losmuseosdelacostavasca.eus\\\/es\\\/#website\"},\"primaryImageOfPage\":{\"@id\":\"https:\\\/\\\/losmuseosdelacostavasca.eus\\\/descuentos-ventajas\\\/#primaryimage\"},\"image\":{\"@id\":\"https:\\\/\\\/losmuseosdelacostavasca.eus\\\/descuentos-ventajas\\\/#primaryimage\"},\"thumbnailUrl\":\"https:\\\/\\\/losmuseosdelacostavasca.eus\\\/wp-content\\\/uploads\\\/descuentos-y-ventajas-1024x699.jpg\",\"datePublished\":\"2021-09-24T07:14:15+00:00\",\"dateModified\":\"2023-02-17T11:47:12+00:00\",\"description\":\"\u00bfQuieres conocer y formar parte del programa de fidelizaci\u00f3n de la red de museos de la Costa Vasca? Interesantes descuentos y ventajas te esperan y... \u00a1es gratis!\",\"breadcrumb\":{\"@id\":\"https:\\\/\\\/losmuseosdelacostavasca.eus\\\/descuentos-ventajas\\\/#breadcrumb\"},\"inLanguage\":\"es\",\"potentialAction\":[{\"@type\":\"ReadAction\",\"target\":[\"https:\\\/\\\/losmuseosdelacostavasca.eus\\\/descuentos-ventajas\\\/\"]}]},{\"@type\":\"ImageObject\",\"inLanguage\":\"es\",\"@id\":\"https:\\\/\\\/losmuseosdelacostavasca.eus\\\/descuentos-ventajas\\\/#primaryimage\",\"url\":\"https:\\\/\\\/losmuseosdelacostavasca.eus\\\/wp-content\\\/uploads\\\/descuentos-y-ventajas-1024x699.jpg\",\"contentUrl\":\"https:\\\/\\\/losmuseosdelacostavasca.eus\\\/wp-content\\\/uploads\\\/descuentos-y-ventajas-1024x699.jpg\"},{\"@type\":\"BreadcrumbList\",\"@id\":\"https:\\\/\\\/losmuseosdelacostavasca.eus\\\/descuentos-ventajas\\\/#breadcrumb\",\"itemListElement\":[{\"@type\":\"ListItem\",\"position\":1,\"name\":\"Portada\",\"item\":\"https:\\\/\\\/losmuseosdelacostavasca.eus\\\/es\\\/\"},{\"@type\":\"ListItem\",\"position\":2,\"name\":\"Descuentos\"}]},{\"@type\":\"WebSite\",\"@id\":\"https:\\\/\\\/losmuseosdelacostavasca.eus\\\/es\\\/#website\",\"url\":\"https:\\\/\\\/losmuseosdelacostavasca.eus\\\/es\\\/\",\"name\":\"Museos de la Costa Vasca - Euskal Kostaldeko Museoak\",\"description\":\"Basquetour\",\"publisher\":{\"@id\":\"https:\\\/\\\/losmuseosdelacostavasca.eus\\\/es\\\/#organization\"},\"alternateName\":\"Red de Museos de la Costa Vasca\",\"potentialAction\":[{\"@type\":\"SearchAction\",\"target\":{\"@type\":\"EntryPoint\",\"urlTemplate\":\"https:\\\/\\\/losmuseosdelacostavasca.eus\\\/es\\\/?s={search_term_string}\"},\"query-input\":{\"@type\":\"PropertyValueSpecification\",\"valueRequired\":true,\"valueName\":\"search_term_string\"}}],\"inLanguage\":\"es\"},{\"@type\":\"Organization\",\"@id\":\"https:\\\/\\\/losmuseosdelacostavasca.eus\\\/es\\\/#organization\",\"name\":\"Red de Museos de la Costa Vasca - Euskal Kostaldeko Museoen Sarea\",\"url\":\"https:\\\/\\\/losmuseosdelacostavasca.eus\\\/es\\\/\",\"logo\":{\"@type\":\"ImageObject\",\"inLanguage\":\"es\",\"@id\":\"https:\\\/\\\/losmuseosdelacostavasca.eus\\\/es\\\/#\\\/schema\\\/logo\\\/image\\\/\",\"url\":\"https:\\\/\\\/losmuseosdelacostavasca.eus\\\/wp-content\\\/uploads\\\/red_museos.png\",\"contentUrl\":\"https:\\\/\\\/losmuseosdelacostavasca.eus\\\/wp-content\\\/uploads\\\/red_museos.png\",\"width\":943,\"height\":252,\"caption\":\"Red de Museos de la Costa Vasca - Euskal Kostaldeko Museoen Sarea\"},\"image\":{\"@id\":\"https:\\\/\\\/losmuseosdelacostavasca.eus\\\/es\\\/#\\\/schema\\\/logo\\\/image\\\/\"}}]}<\/script>\n<!-- \/ Yoast SEO plugin. -->","yoast_head_json":{"title":"Descuentos y ventajas | Museos de la Costa Vasca","description":"\u00bfQuieres conocer y formar parte del programa de fidelizaci\u00f3n de la red de museos de la Costa Vasca? Interesantes descuentos y ventajas te esperan y... \u00a1es gratis!","robots":{"index":"index","follow":"follow","max-snippet":"max-snippet:-1","max-image-preview":"max-image-preview:large","max-video-preview":"max-video-preview:-1"},"canonical":"https:\/\/losmuseosdelacostavasca.eus\/descuentos-ventajas\/","og_locale":"es_ES","og_type":"article","og_title":"Descuentos y ventajas | Museos de la Costa Vasca","og_description":"\u00bfQuieres conocer y formar parte del programa de fidelizaci\u00f3n de la red de museos de la Costa Vasca? Interesantes descuentos y ventajas te esperan y... \u00a1es gratis!","og_url":"https:\/\/losmuseosdelacostavasca.eus\/descuentos-ventajas\/","og_site_name":"Red Museos Costa Vasca","article_modified_time":"2023-02-17T11:47:12+00:00","og_image":[{"url":"https:\/\/losmuseosdelacostavasca.eus\/wp-content\/uploads\/descuentos-y-ventajas-1024x699.jpg","type":"","width":"","height":""}],"twitter_card":"summary_large_image","twitter_misc":{"Tiempo de lectura":"1 minuto"},"schema":{"@context":"https:\/\/schema.org","@graph":[{"@type":"WebPage","@id":"https:\/\/losmuseosdelacostavasca.eus\/es\/descuentos-ventajas\/","url":"https:\/\/losmuseosdelacostavasca.eus\/descuentos-ventajas\/","name":"Descuentos y ventajas | Museos de la Costa Vasca","isPartOf":{"@id":"https:\/\/losmuseosdelacostavasca.eus\/es\/#website"},"primaryImageOfPage":{"@id":"https:\/\/losmuseosdelacostavasca.eus\/descuentos-ventajas\/#primaryimage"},"image":{"@id":"https:\/\/losmuseosdelacostavasca.eus\/descuentos-ventajas\/#primaryimage"},"thumbnailUrl":"https:\/\/losmuseosdelacostavasca.eus\/wp-content\/uploads\/descuentos-y-ventajas-1024x699.jpg","datePublished":"2021-09-24T07:14:15+00:00","dateModified":"2023-02-17T11:47:12+00:00","description":"\u00bfQuieres conocer y formar parte del programa de fidelizaci\u00f3n de la red de museos de la Costa Vasca? Interesantes descuentos y ventajas te esperan y... \u00a1es gratis!","breadcrumb":{"@id":"https:\/\/losmuseosdelacostavasca.eus\/descuentos-ventajas\/#breadcrumb"},"inLanguage":"es","potentialAction":[{"@type":"ReadAction","target":["https:\/\/losmuseosdelacostavasca.eus\/descuentos-ventajas\/"]}]},{"@type":"ImageObject","inLanguage":"es","@id":"https:\/\/losmuseosdelacostavasca.eus\/descuentos-ventajas\/#primaryimage","url":"https:\/\/losmuseosdelacostavasca.eus\/wp-content\/uploads\/descuentos-y-ventajas-1024x699.jpg","contentUrl":"https:\/\/losmuseosdelacostavasca.eus\/wp-content\/uploads\/descuentos-y-ventajas-1024x699.jpg"},{"@type":"BreadcrumbList","@id":"https:\/\/losmuseosdelacostavasca.eus\/descuentos-ventajas\/#breadcrumb","itemListElement":[{"@type":"ListItem","position":1,"name":"Portada","item":"https:\/\/losmuseosdelacostavasca.eus\/es\/"},{"@type":"ListItem","position":2,"name":"Descuentos"}]},{"@type":"WebSite","@id":"https:\/\/losmuseosdelacostavasca.eus\/es\/#website","url":"https:\/\/losmuseosdelacostavasca.eus\/es\/","name":"Museos de la Costa Vasca - Euskal Kostaldeko Museoak","description":"Basquetour","publisher":{"@id":"https:\/\/losmuseosdelacostavasca.eus\/es\/#organization"},"alternateName":"Red de Museos de la Costa Vasca","potentialAction":[{"@type":"SearchAction","target":{"@type":"EntryPoint","urlTemplate":"https:\/\/losmuseosdelacostavasca.eus\/es\/?s={search_term_string}"},"query-input":{"@type":"PropertyValueSpecification","valueRequired":true,"valueName":"search_term_string"}}],"inLanguage":"es"},{"@type":"Organization","@id":"https:\/\/losmuseosdelacostavasca.eus\/es\/#organization","name":"Red de Museos de la Costa Vasca - Euskal Kostaldeko Museoen Sarea","url":"https:\/\/losmuseosdelacostavasca.eus\/es\/","logo":{"@type":"ImageObject","inLanguage":"es","@id":"https:\/\/losmuseosdelacostavasca.eus\/es\/#\/schema\/logo\/image\/","url":"https:\/\/losmuseosdelacostavasca.eus\/wp-content\/uploads\/red_museos.png","contentUrl":"https:\/\/losmuseosdelacostavasca.eus\/wp-content\/uploads\/red_museos.png","width":943,"height":252,"caption":"Red de Museos de la Costa Vasca - Euskal Kostaldeko Museoen Sarea"},"image":{"@id":"https:\/\/losmuseosdelacostavasca.eus\/es\/#\/schema\/logo\/image\/"}}]}},"_links":{"self":[{"href":"https:\/\/losmuseosdelacostavasca.eus\/es\/wp-json\/wp\/v2\/pages\/44349","targetHints":{"allow":["GET"]}}],"collection":[{"href":"https:\/\/losmuseosdelacostavasca.eus\/es\/wp-json\/wp\/v2\/pages"}],"about":[{"href":"https:\/\/losmuseosdelacostavasca.eus\/es\/wp-json\/wp\/v2\/types\/page"}],"author":[{"embeddable":true,"href":"https:\/\/losmuseosdelacostavasca.eus\/es\/wp-json\/wp\/v2\/users\/1"}],"replies":[{"embeddable":true,"href":"https:\/\/losmuseosdelacostavasca.eus\/es\/wp-json\/wp\/v2\/comments?post=44349"}],"version-history":[{"count":0,"href":"https:\/\/losmuseosdelacostavasca.eus\/es\/wp-json\/wp\/v2\/pages\/44349\/revisions"}],"wp:attachment":[{"href":"https:\/\/losmuseosdelacostavasca.eus\/es\/wp-json\/wp\/v2\/media?parent=44349"}],"curies":[{"name":"wp","href":"https:\/\/api.w.org\/{rel}","templated":true}]}}