{"id":44427,"date":"2021-09-24T11:04:46","date_gmt":"2021-09-24T09:04:46","guid":{"rendered":"https:\/\/losmuseosdelacostavasca.eus\/?page_id=44427"},"modified":"2025-07-30T10:16:21","modified_gmt":"2025-07-30T08:16:21","slug":"contacto","status":"publish","type":"page","link":"https:\/\/losmuseosdelacostavasca.eus\/es\/contacto\/","title":{"rendered":"Contacto"},"content":{"rendered":"\t\t<div data-elementor-type=\"wp-page\" data-elementor-id=\"44427\" class=\"elementor elementor-44427\">\n\t\t\t\t\t\t<section class=\"elementor-section elementor-top-section elementor-element elementor-element-6e20aef3 elementor-section-boxed elementor-section-height-default elementor-section-height-default\" data-id=\"6e20aef3\" data-element_type=\"section\" data-settings=\"{&quot;background_background&quot;:&quot;classic&quot;}\">\n\t\t\t\t\t\t\t<div class=\"elementor-background-overlay\"><\/div>\n\t\t\t\t\t\t\t<div class=\"elementor-container elementor-column-gap-default\">\n\t\t\t\t\t<div class=\"jvfrm-parallax-section elementor-column elementor-col-100 elementor-top-column elementor-element elementor-element-e196396\" data-id=\"e196396\" data-element_type=\"column\">\n\t\t\t<div class=\"elementor-widget-wrap elementor-element-populated\">\n\t\t\t\t\t\t<div class=\"elementor-element elementor-element-24bcb114 elementor-widget elementor-widget-heading\" data-id=\"24bcb114\" data-element_type=\"widget\" data-widget_type=\"heading.default\">\n\t\t\t\t<div class=\"elementor-widget-container\">\n\t\t\t<h2 class=\"elementor-heading-title elementor-size-default\">CONTACTO<\/h2>\t\t<\/div>\n\t\t\t\t<\/div>\n\t\t\t\t\t<\/div>\n\t\t<\/div>\n\t\t\t\t\t<\/div>\n\t\t<\/section>\n\t\t\t\t<section class=\"elementor-section elementor-top-section elementor-element elementor-element-7c1172a3 elementor-section-full_width elementor-section-stretched elementor-section-height-default elementor-section-height-default\" data-id=\"7c1172a3\" data-element_type=\"section\" data-settings=\"{&quot;stretch_section&quot;:&quot;section-stretched&quot;}\">\n\t\t\t\t\t\t<div class=\"elementor-container elementor-column-gap-default\">\n\t\t\t\t\t<div class=\"jvfrm-parallax-section elementor-column elementor-col-50 elementor-top-column elementor-element elementor-element-579644f\" data-id=\"579644f\" data-element_type=\"column\">\n\t\t\t<div class=\"elementor-widget-wrap elementor-element-populated\">\n\t\t\t\t\t\t<div class=\"elementor-element elementor-element-496a4024 elementor-widget elementor-widget-image\" data-id=\"496a4024\" data-element_type=\"widget\" data-widget_type=\"image.default\">\n\t\t\t\t<div class=\"elementor-widget-container\">\n\t\t\t\t\t\t\t\t\t\t\t\t\t<img fetchpriority=\"high\" decoding=\"async\" width=\"1779\" height=\"1241\" src=\"https:\/\/losmuseosdelacostavasca.eus\/wp-content\/uploads\/contacto-02.jpg\" class=\"attachment-full size-full wp-image-44430\" alt=\"\" srcset=\"https:\/\/losmuseosdelacostavasca.eus\/wp-content\/uploads\/contacto-02.jpg 1779w, https:\/\/losmuseosdelacostavasca.eus\/wp-content\/uploads\/contacto-02-300x209.jpg 300w, https:\/\/losmuseosdelacostavasca.eus\/wp-content\/uploads\/contacto-02-1024x714.jpg 1024w, https:\/\/losmuseosdelacostavasca.eus\/wp-content\/uploads\/contacto-02-768x536.jpg 768w, https:\/\/losmuseosdelacostavasca.eus\/wp-content\/uploads\/contacto-02-1536x1071.jpg 1536w\" sizes=\"(max-width: 1779px) 100vw, 1779px\" \/>\t\t\t\t\t\t\t\t\t\t\t\t\t<\/div>\n\t\t\t\t<\/div>\n\t\t\t\t\t<\/div>\n\t\t<\/div>\n\t\t\t\t<div class=\"jvfrm-parallax-section elementor-column elementor-col-50 elementor-top-column elementor-element elementor-element-3b480dd7\" data-id=\"3b480dd7\" data-element_type=\"column\">\n\t\t\t<div class=\"elementor-widget-wrap elementor-element-populated\">\n\t\t\t\t\t\t<section class=\"elementor-section elementor-inner-section elementor-element elementor-element-6fcdcb23 elementor-section-boxed elementor-section-height-default elementor-section-height-default\" data-id=\"6fcdcb23\" data-element_type=\"section\">\n\t\t\t\t\t\t<div class=\"elementor-container elementor-column-gap-default\">\n\t\t\t\t\t<div class=\"jvfrm-parallax-section elementor-column elementor-col-100 elementor-inner-column elementor-element elementor-element-460a271e\" data-id=\"460a271e\" data-element_type=\"column\">\n\t\t\t<div class=\"elementor-widget-wrap elementor-element-populated\">\n\t\t\t\t\t\t<div class=\"elementor-element elementor-element-2c863413 elementor-widget elementor-widget-text-editor\" data-id=\"2c863413\" data-element_type=\"widget\" data-widget_type=\"text-editor.default\">\n\t\t\t\t<div class=\"elementor-widget-container\">\n\t\t\t\t\t\t\t<h2>\u00bfTe gustar\u00eda saber m\u00e1s<\/h2><h2>a cerca de nuestra red?<\/h2>\t\t\t\t\t\t<\/div>\n\t\t\t\t<\/div>\n\t\t\t\t<div class=\"elementor-element elementor-element-9d40e79 elementor-widget elementor-widget-text-editor\" data-id=\"9d40e79\" data-element_type=\"widget\" data-widget_type=\"text-editor.default\">\n\t\t\t\t<div class=\"elementor-widget-container\">\n\t\t\t\t\t\t\t<p>No dudes en ponerte en contacto con nosotros<\/p>\t\t\t\t\t\t<\/div>\n\t\t\t\t<\/div>\n\t\t\t\t<div class=\"elementor-element elementor-element-24a7982 elementor-widget elementor-widget-jvbpd-single-cf7\" data-id=\"24a7982\" data-element_type=\"widget\" data-widget_type=\"jvbpd-single-cf7.default\">\n\t\t\t\t<div class=\"elementor-widget-container\">\n\t\t\t<div class=\"elementor-shortcode jvbpd-cf7-0\">\n<div class=\"wpcf7 no-js\" id=\"wpcf7-f9576-o1\" lang=\"en-US\" dir=\"ltr\" data-wpcf7-id=\"9576\">\n<div class=\"screen-reader-response\"><p role=\"status\" aria-live=\"polite\" aria-atomic=\"true\"><\/p> <ul><\/ul><\/div>\n<form action=\"\/es\/wp-json\/wp\/v2\/pages\/44427#wpcf7-f9576-o1\" method=\"post\" class=\"wpcf7-form init wpcf7-acceptance-as-validation\" aria-label=\"Contact form\" novalidate=\"novalidate\" data-status=\"init\">\n<fieldset class=\"hidden-fields-container\"><input type=\"hidden\" name=\"_wpcf7\" value=\"9576\" \/><input type=\"hidden\" name=\"_wpcf7_version\" value=\"6.1.5\" \/><input type=\"hidden\" name=\"_wpcf7_locale\" value=\"en_US\" \/><input type=\"hidden\" name=\"_wpcf7_unit_tag\" value=\"wpcf7-f9576-o1\" \/><input type=\"hidden\" name=\"_wpcf7_container_post\" value=\"0\" \/><input type=\"hidden\" name=\"_wpcf7_posted_data_hash\" value=\"\" \/>\n<\/fieldset>\n<div class=\"row\">\n\t<div class=\"col-md-6 form-group\">\n\t\t<p><span class=\"wpcf7-form-control-wrap\" data-name=\"your-name\"><input size=\"40\" maxlength=\"400\" class=\"wpcf7-form-control wpcf7-text wpcf7-validates-as-required form-control\" aria-required=\"true\" aria-invalid=\"false\" placeholder=\"Nombre*\" value=\"\" type=\"text\" name=\"your-name\" \/><\/span>\n\t\t<\/p>\n\t<\/div>\n\t<div class=\"col-md-6 form-group\">\n\t\t<p><span class=\"wpcf7-form-control-wrap\" data-name=\"your-email\"><input size=\"40\" maxlength=\"400\" class=\"wpcf7-form-control wpcf7-email wpcf7-validates-as-required wpcf7-text wpcf7-validates-as-email form-control\" aria-required=\"true\" aria-invalid=\"false\" placeholder=\"Email*\" value=\"\" type=\"email\" name=\"your-email\" \/><\/span>\n\t\t<\/p>\n\t<\/div>\n\t<div class=\"col-md-6 form-group\">\n\t\t<p><span class=\"wpcf7-form-control-wrap\" data-name=\"museum\"><input size=\"40\" maxlength=\"400\" class=\"wpcf7-form-control wpcf7-text wpcf7-validates-as-required form-control\" aria-required=\"true\" aria-invalid=\"false\" placeholder=\"Nombre del museo*\" value=\"\" type=\"text\" name=\"museum\" \/><\/span>\n\t\t<\/p>\n\t<\/div>\n\t<div class=\"col-md-6 form-group\">\n\t\t<p><span class=\"wpcf7-form-control-wrap\" data-name=\"subject\"><input size=\"40\" maxlength=\"400\" class=\"wpcf7-form-control wpcf7-text form-control\" aria-invalid=\"false\" placeholder=\"Asunto*\" value=\"\" type=\"text\" name=\"subject\" \/><\/span>\n\t\t<\/p>\n\t<\/div>\n<\/div>\n<div class=\"form-group\">\n\t<p><span class=\"wpcf7-form-control-wrap\" data-name=\"your-message\"><textarea cols=\"40\" rows=\"5\" maxlength=\"2000\" class=\"wpcf7-form-control wpcf7-textarea form-control\" aria-invalid=\"false\" placeholder=\"Mensaje\" name=\"your-message\"><\/textarea><\/span>\n\t<\/p>\n<\/div>\n<p class=\"text-left\"><span class=\"wpcf7-form-control-wrap\" data-name=\"lopd\"><span class=\"wpcf7-form-control wpcf7-acceptance\"><span class=\"wpcf7-list-item\"><input type=\"checkbox\" name=\"lopd\" value=\"1\" aria-invalid=\"false\" \/><\/span><\/span><\/span> Acepto la <a href=\"\/politica-privacidad\/\" target=\"_blank\" rel=\"nofollow\">pol\u00edtica de privacidad<\/a> de \u00a9 BASQUETOUR Turismoaren Euskal Agentzia - Agencia Vasca de Turismo.\n<\/p>\n<div class=\"form-group text-left\">\n\t<p><input class=\"wpcf7-form-control wpcf7-submit has-spinner btn btn-primary\" type=\"submit\" value=\"Enviar\" \/>\n\t<\/p>\n<\/div><div class=\"wpcf7-response-output\" aria-hidden=\"true\"><\/div>\n<\/form>\n<\/div>\n<\/div>\t\t<\/div>\n\t\t\t\t<\/div>\n\t\t\t\t\t<\/div>\n\t\t<\/div>\n\t\t\t\t\t<\/div>\n\t\t<\/section>\n\t\t\t\t\t<\/div>\n\t\t<\/div>\n\t\t\t\t\t<\/div>\n\t\t<\/section>\n\t\t\t\t<\/div>\n\t\t","protected":false},"excerpt":{"rendered":"<p>CONTACTO \u00bfTe gustar\u00eda saber m\u00e1s a cerca de nuestra red? No dudes en ponerte en contacto con nosotros Acepto la pol\u00edtica de privacidad de \u00a9 BASQUETOUR Turismoaren Euskal Agentzia &#8211; Agencia Vasca de Turismo.<\/p>\n","protected":false},"author":1,"featured_media":0,"parent":0,"menu_order":19,"comment_status":"closed","ping_status":"closed","template":"elementor_header_footer","meta":{"footnotes":""},"class_list":["post-44427","page","type-page","status-publish","hentry"],"yoast_head":"<!-- This site is optimized with the Yoast SEO plugin v27.3 - https:\/\/yoast.com\/product\/yoast-seo-wordpress\/ -->\n<title>Contacto | Museos de la Costa Vasca<\/title>\n<meta name=\"description\" content=\"No dudes en contactar con la red de museos de la Costa Vasca. Sea cual sea la cuesti\u00f3n, escr\u00edbenos, te contestaremos a la mayor brevedad posible.\" \/>\n<meta name=\"robots\" content=\"index, follow, max-snippet:-1, max-image-preview:large, max-video-preview:-1\" \/>\n<link rel=\"canonical\" href=\"https:\/\/losmuseosdelacostavasca.eus\/contacto\/\" \/>\n<meta property=\"og:locale\" content=\"es_ES\" \/>\n<meta property=\"og:type\" content=\"article\" \/>\n<meta property=\"og:title\" content=\"Contacto | Museos de la Costa Vasca\" \/>\n<meta property=\"og:description\" content=\"No dudes en contactar con la red de museos de la Costa Vasca. Sea cual sea la cuesti\u00f3n, escr\u00edbenos, te contestaremos a la mayor brevedad posible.\" \/>\n<meta property=\"og:url\" content=\"https:\/\/losmuseosdelacostavasca.eus\/contacto\/\" \/>\n<meta property=\"og:site_name\" content=\"Red Museos Costa Vasca\" \/>\n<meta property=\"article:modified_time\" content=\"2025-07-30T08:16:21+00:00\" \/>\n<meta property=\"og:image\" content=\"https:\/\/losmuseosdelacostavasca.eus\/wp-content\/uploads\/contacto-02.jpg\" \/>\n<meta name=\"twitter:card\" content=\"summary_large_image\" \/>\n<meta name=\"twitter:label1\" content=\"Tiempo de lectura\" \/>\n\t<meta name=\"twitter:data1\" content=\"1 minuto\" \/>\n<script type=\"application\/ld+json\" class=\"yoast-schema-graph\">{\"@context\":\"https:\\\/\\\/schema.org\",\"@graph\":[{\"@type\":\"WebPage\",\"@id\":\"https:\\\/\\\/losmuseosdelacostavasca.eus\\\/es\\\/contacto\\\/\",\"url\":\"https:\\\/\\\/losmuseosdelacostavasca.eus\\\/contacto\\\/\",\"name\":\"Contacto | Museos de la Costa Vasca\",\"isPartOf\":{\"@id\":\"https:\\\/\\\/losmuseosdelacostavasca.eus\\\/es\\\/#website\"},\"primaryImageOfPage\":{\"@id\":\"https:\\\/\\\/losmuseosdelacostavasca.eus\\\/contacto\\\/#primaryimage\"},\"image\":{\"@id\":\"https:\\\/\\\/losmuseosdelacostavasca.eus\\\/contacto\\\/#primaryimage\"},\"thumbnailUrl\":\"https:\\\/\\\/losmuseosdelacostavasca.eus\\\/wp-content\\\/uploads\\\/contacto-02.jpg\",\"datePublished\":\"2021-09-24T09:04:46+00:00\",\"dateModified\":\"2025-07-30T08:16:21+00:00\",\"description\":\"No dudes en contactar con la red de museos de la Costa Vasca. Sea cual sea la cuesti\u00f3n, escr\u00edbenos, te contestaremos a la mayor brevedad posible.\",\"breadcrumb\":{\"@id\":\"https:\\\/\\\/losmuseosdelacostavasca.eus\\\/contacto\\\/#breadcrumb\"},\"inLanguage\":\"es\",\"potentialAction\":[{\"@type\":\"ReadAction\",\"target\":[\"https:\\\/\\\/losmuseosdelacostavasca.eus\\\/contacto\\\/\"]}]},{\"@type\":\"ImageObject\",\"inLanguage\":\"es\",\"@id\":\"https:\\\/\\\/losmuseosdelacostavasca.eus\\\/contacto\\\/#primaryimage\",\"url\":\"https:\\\/\\\/losmuseosdelacostavasca.eus\\\/wp-content\\\/uploads\\\/contacto-02.jpg\",\"contentUrl\":\"https:\\\/\\\/losmuseosdelacostavasca.eus\\\/wp-content\\\/uploads\\\/contacto-02.jpg\"},{\"@type\":\"BreadcrumbList\",\"@id\":\"https:\\\/\\\/losmuseosdelacostavasca.eus\\\/contacto\\\/#breadcrumb\",\"itemListElement\":[{\"@type\":\"ListItem\",\"position\":1,\"name\":\"Portada\",\"item\":\"https:\\\/\\\/losmuseosdelacostavasca.eus\\\/es\\\/\"},{\"@type\":\"ListItem\",\"position\":2,\"name\":\"Contacto\"}]},{\"@type\":\"WebSite\",\"@id\":\"https:\\\/\\\/losmuseosdelacostavasca.eus\\\/es\\\/#website\",\"url\":\"https:\\\/\\\/losmuseosdelacostavasca.eus\\\/es\\\/\",\"name\":\"Museos de la Costa Vasca - Euskal Kostaldeko Museoak\",\"description\":\"Basquetour\",\"publisher\":{\"@id\":\"https:\\\/\\\/losmuseosdelacostavasca.eus\\\/es\\\/#organization\"},\"alternateName\":\"Red de Museos de la Costa Vasca\",\"potentialAction\":[{\"@type\":\"SearchAction\",\"target\":{\"@type\":\"EntryPoint\",\"urlTemplate\":\"https:\\\/\\\/losmuseosdelacostavasca.eus\\\/es\\\/?s={search_term_string}\"},\"query-input\":{\"@type\":\"PropertyValueSpecification\",\"valueRequired\":true,\"valueName\":\"search_term_string\"}}],\"inLanguage\":\"es\"},{\"@type\":\"Organization\",\"@id\":\"https:\\\/\\\/losmuseosdelacostavasca.eus\\\/es\\\/#organization\",\"name\":\"Red de Museos de la Costa Vasca - Euskal Kostaldeko Museoen Sarea\",\"url\":\"https:\\\/\\\/losmuseosdelacostavasca.eus\\\/es\\\/\",\"logo\":{\"@type\":\"ImageObject\",\"inLanguage\":\"es\",\"@id\":\"https:\\\/\\\/losmuseosdelacostavasca.eus\\\/es\\\/#\\\/schema\\\/logo\\\/image\\\/\",\"url\":\"https:\\\/\\\/losmuseosdelacostavasca.eus\\\/wp-content\\\/uploads\\\/red_museos.png\",\"contentUrl\":\"https:\\\/\\\/losmuseosdelacostavasca.eus\\\/wp-content\\\/uploads\\\/red_museos.png\",\"width\":943,\"height\":252,\"caption\":\"Red de Museos de la Costa Vasca - Euskal Kostaldeko Museoen Sarea\"},\"image\":{\"@id\":\"https:\\\/\\\/losmuseosdelacostavasca.eus\\\/es\\\/#\\\/schema\\\/logo\\\/image\\\/\"}}]}<\/script>\n<!-- \/ Yoast SEO plugin. -->","yoast_head_json":{"title":"Contacto | Museos de la Costa Vasca","description":"No dudes en contactar con la red de museos de la Costa Vasca. Sea cual sea la cuesti\u00f3n, escr\u00edbenos, te contestaremos a la mayor brevedad posible.","robots":{"index":"index","follow":"follow","max-snippet":"max-snippet:-1","max-image-preview":"max-image-preview:large","max-video-preview":"max-video-preview:-1"},"canonical":"https:\/\/losmuseosdelacostavasca.eus\/contacto\/","og_locale":"es_ES","og_type":"article","og_title":"Contacto | Museos de la Costa Vasca","og_description":"No dudes en contactar con la red de museos de la Costa Vasca. Sea cual sea la cuesti\u00f3n, escr\u00edbenos, te contestaremos a la mayor brevedad posible.","og_url":"https:\/\/losmuseosdelacostavasca.eus\/contacto\/","og_site_name":"Red Museos Costa Vasca","article_modified_time":"2025-07-30T08:16:21+00:00","og_image":[{"url":"https:\/\/losmuseosdelacostavasca.eus\/wp-content\/uploads\/contacto-02.jpg","type":"","width":"","height":""}],"twitter_card":"summary_large_image","twitter_misc":{"Tiempo de lectura":"1 minuto"},"schema":{"@context":"https:\/\/schema.org","@graph":[{"@type":"WebPage","@id":"https:\/\/losmuseosdelacostavasca.eus\/es\/contacto\/","url":"https:\/\/losmuseosdelacostavasca.eus\/contacto\/","name":"Contacto | Museos de la Costa Vasca","isPartOf":{"@id":"https:\/\/losmuseosdelacostavasca.eus\/es\/#website"},"primaryImageOfPage":{"@id":"https:\/\/losmuseosdelacostavasca.eus\/contacto\/#primaryimage"},"image":{"@id":"https:\/\/losmuseosdelacostavasca.eus\/contacto\/#primaryimage"},"thumbnailUrl":"https:\/\/losmuseosdelacostavasca.eus\/wp-content\/uploads\/contacto-02.jpg","datePublished":"2021-09-24T09:04:46+00:00","dateModified":"2025-07-30T08:16:21+00:00","description":"No dudes en contactar con la red de museos de la Costa Vasca. Sea cual sea la cuesti\u00f3n, escr\u00edbenos, te contestaremos a la mayor brevedad posible.","breadcrumb":{"@id":"https:\/\/losmuseosdelacostavasca.eus\/contacto\/#breadcrumb"},"inLanguage":"es","potentialAction":[{"@type":"ReadAction","target":["https:\/\/losmuseosdelacostavasca.eus\/contacto\/"]}]},{"@type":"ImageObject","inLanguage":"es","@id":"https:\/\/losmuseosdelacostavasca.eus\/contacto\/#primaryimage","url":"https:\/\/losmuseosdelacostavasca.eus\/wp-content\/uploads\/contacto-02.jpg","contentUrl":"https:\/\/losmuseosdelacostavasca.eus\/wp-content\/uploads\/contacto-02.jpg"},{"@type":"BreadcrumbList","@id":"https:\/\/losmuseosdelacostavasca.eus\/contacto\/#breadcrumb","itemListElement":[{"@type":"ListItem","position":1,"name":"Portada","item":"https:\/\/losmuseosdelacostavasca.eus\/es\/"},{"@type":"ListItem","position":2,"name":"Contacto"}]},{"@type":"WebSite","@id":"https:\/\/losmuseosdelacostavasca.eus\/es\/#website","url":"https:\/\/losmuseosdelacostavasca.eus\/es\/","name":"Museos de la Costa Vasca - Euskal Kostaldeko Museoak","description":"Basquetour","publisher":{"@id":"https:\/\/losmuseosdelacostavasca.eus\/es\/#organization"},"alternateName":"Red de Museos de la Costa Vasca","potentialAction":[{"@type":"SearchAction","target":{"@type":"EntryPoint","urlTemplate":"https:\/\/losmuseosdelacostavasca.eus\/es\/?s={search_term_string}"},"query-input":{"@type":"PropertyValueSpecification","valueRequired":true,"valueName":"search_term_string"}}],"inLanguage":"es"},{"@type":"Organization","@id":"https:\/\/losmuseosdelacostavasca.eus\/es\/#organization","name":"Red de Museos de la Costa Vasca - Euskal Kostaldeko Museoen Sarea","url":"https:\/\/losmuseosdelacostavasca.eus\/es\/","logo":{"@type":"ImageObject","inLanguage":"es","@id":"https:\/\/losmuseosdelacostavasca.eus\/es\/#\/schema\/logo\/image\/","url":"https:\/\/losmuseosdelacostavasca.eus\/wp-content\/uploads\/red_museos.png","contentUrl":"https:\/\/losmuseosdelacostavasca.eus\/wp-content\/uploads\/red_museos.png","width":943,"height":252,"caption":"Red de Museos de la Costa Vasca - Euskal Kostaldeko Museoen Sarea"},"image":{"@id":"https:\/\/losmuseosdelacostavasca.eus\/es\/#\/schema\/logo\/image\/"}}]}},"_links":{"self":[{"href":"https:\/\/losmuseosdelacostavasca.eus\/es\/wp-json\/wp\/v2\/pages\/44427","targetHints":{"allow":["GET"]}}],"collection":[{"href":"https:\/\/losmuseosdelacostavasca.eus\/es\/wp-json\/wp\/v2\/pages"}],"about":[{"href":"https:\/\/losmuseosdelacostavasca.eus\/es\/wp-json\/wp\/v2\/types\/page"}],"author":[{"embeddable":true,"href":"https:\/\/losmuseosdelacostavasca.eus\/es\/wp-json\/wp\/v2\/users\/1"}],"replies":[{"embeddable":true,"href":"https:\/\/losmuseosdelacostavasca.eus\/es\/wp-json\/wp\/v2\/comments?post=44427"}],"version-history":[{"count":0,"href":"https:\/\/losmuseosdelacostavasca.eus\/es\/wp-json\/wp\/v2\/pages\/44427\/revisions"}],"wp:attachment":[{"href":"https:\/\/losmuseosdelacostavasca.eus\/es\/wp-json\/wp\/v2\/media?parent=44427"}],"curies":[{"name":"wp","href":"https:\/\/api.w.org\/{rel}","templated":true}]}}