{"id":49579,"date":"2022-09-23T10:47:23","date_gmt":"2022-09-23T08:47:23","guid":{"rendered":"https:\/\/losmuseosdelacostavasca.eus\/?page_id=49579"},"modified":"2023-01-16T14:03:26","modified_gmt":"2023-01-16T13:03:26","slug":"aviso-legal","status":"publish","type":"page","link":"https:\/\/losmuseosdelacostavasca.eus\/es\/aviso-legal\/","title":{"rendered":"Aviso Legal"},"content":{"rendered":"\t\t<div data-elementor-type=\"wp-page\" data-elementor-id=\"49579\" class=\"elementor elementor-49579\">\n\t\t\t\t\t\t<section class=\"elementor-section elementor-top-section elementor-element elementor-element-eca5187 elementor-section-full_width elementor-section-stretched elementor-section-height-default elementor-section-height-default\" data-id=\"eca5187\" data-element_type=\"section\" data-settings=\"{&quot;stretch_section&quot;:&quot;section-stretched&quot;,&quot;background_background&quot;:&quot;classic&quot;}\">\n\t\t\t\t\t\t\t<div class=\"elementor-background-overlay\"><\/div>\n\t\t\t\t\t\t\t<div class=\"elementor-container elementor-column-gap-default\">\n\t\t\t\t\t<div class=\"jvfrm-parallax-section elementor-column elementor-col-100 elementor-top-column elementor-element elementor-element-d3ca7a4\" data-id=\"d3ca7a4\" data-element_type=\"column\">\n\t\t\t<div class=\"elementor-widget-wrap elementor-element-populated\">\n\t\t\t\t\t\t<div class=\"elementor-element elementor-element-0842d7b elementor-widget elementor-widget-heading\" data-id=\"0842d7b\" data-element_type=\"widget\" data-widget_type=\"heading.default\">\n\t\t\t\t<div class=\"elementor-widget-container\">\n\t\t\t<h2 class=\"elementor-heading-title elementor-size-default\">AVISO LEGAL<\/h2>\t\t<\/div>\n\t\t\t\t<\/div>\n\t\t\t\t\t<\/div>\n\t\t<\/div>\n\t\t\t\t\t<\/div>\n\t\t<\/section>\n\t\t\t\t<section class=\"elementor-section elementor-top-section elementor-element elementor-element-b00cc5c elementor-section-boxed elementor-section-height-default elementor-section-height-default\" data-id=\"b00cc5c\" data-element_type=\"section\">\n\t\t\t\t\t\t<div class=\"elementor-container elementor-column-gap-default\">\n\t\t\t\t\t<div class=\"jvfrm-parallax-section elementor-column elementor-col-16 elementor-top-column elementor-element elementor-element-e25c815\" data-id=\"e25c815\" data-element_type=\"column\">\n\t\t\t<div class=\"elementor-widget-wrap\">\n\t\t\t\t\t\t\t<\/div>\n\t\t<\/div>\n\t\t\t\t<div class=\"jvfrm-parallax-section elementor-column elementor-col-66 elementor-top-column elementor-element elementor-element-f3ff113\" data-id=\"f3ff113\" data-element_type=\"column\">\n\t\t\t<div class=\"elementor-widget-wrap elementor-element-populated\">\n\t\t\t\t\t\t<div class=\"elementor-element elementor-element-6e66122 elementor-widget elementor-widget-text-editor\" data-id=\"6e66122\" data-element_type=\"widget\" data-widget_type=\"text-editor.default\">\n\t\t\t\t<div class=\"elementor-widget-container\">\n\t\t\t\t\t\t\t<p><span style=\"font-family: 'Roboto Slab', sans-serif; font-size: 20px;\">BASQUETOUR<\/span><\/p>\t\t\t\t\t\t<\/div>\n\t\t\t\t<\/div>\n\t\t\t\t<div class=\"elementor-element elementor-element-b4eb78f elementor-widget elementor-widget-text-editor\" data-id=\"b4eb78f\" data-element_type=\"widget\" data-widget_type=\"text-editor.default\">\n\t\t\t\t<div class=\"elementor-widget-container\">\n\t\t\t\t\t\t\t<p>Las presentes condiciones regulan el acceso y uso del sitio web www.basquetour.net (el \u201cSitio Web\u201d), cuya explotaci\u00f3n corresponde a Basquetour, Turismoaren Euskal Agentzia-Agencia Vasca de Turismo, S.A. (\u201cBasquetour\u201d), con NIF A95444501 y domicilio social en Alameda de Urquijo 36-5\u00aa 48011 Bilbao (Espa\u00f1a), inscrita en el Registro Mercantil de Bizkaia, tomo 4748, Gral. del libro 0 de Sociedades, folio 54, hoja BI-48022, inscripci\u00f3n 1\u00aa, tel\u00e9fono 94 607 75 98, fax 94 607 75 95 e e-mail de contacto info@basquetour.net.<\/p>\t\t\t\t\t\t<\/div>\n\t\t\t\t<\/div>\n\t\t\t\t<div class=\"elementor-element elementor-element-ad310e5 elementor-widget elementor-widget-text-editor\" data-id=\"ad310e5\" data-element_type=\"widget\" data-widget_type=\"text-editor.default\">\n\t\t\t\t<div class=\"elementor-widget-container\">\n\t\t\t\t\t\t\t<p><span style=\"font-family: 'Roboto Slab', sans-serif; font-size: 20px;\">SEGURIDAD<\/span><\/p>\t\t\t\t\t\t<\/div>\n\t\t\t\t<\/div>\n\t\t\t\t<div class=\"elementor-element elementor-element-eeee7c3 elementor-widget elementor-widget-text-editor\" data-id=\"eeee7c3\" data-element_type=\"widget\" data-widget_type=\"text-editor.default\">\n\t\t\t\t<div class=\"elementor-widget-container\">\n\t\t\t\t\t\t\t<p><span style=\"font-size: 0.9em;\">En la utilizaci\u00f3n del Sitio Web, el usuario se compromete a no llevar a cabo ninguna conducta que pudiera da\u00f1ar la imagen, los intereses y los derechos de Basquetour o de terceros o que pudiera da\u00f1ar, inutilizar o sobrecargar el Sitio Web o que impidiera, de cualquier forma, la normal utilizaci\u00f3n del Sitio Web.<\/span><\/p><p>Basquetour adopta medidas de seguridad razonablemente adecuadas para detectar la existencia de virus. No obstante, el usuario debe ser consciente de que las medidas de seguridad de los sistemas inform\u00e1ticos en Internet no son enteramente fiables y que, por tanto, Basquetour no puede garantizar la inexistencia de virus u otros elementos que puedan producir alteraciones en los sistemas inform\u00e1ticos (software y hardware) del usuario o en sus documentos electr\u00f3nicos y ficheros contenidos en los mismos.<\/p>\t\t\t\t\t\t<\/div>\n\t\t\t\t<\/div>\n\t\t\t\t<div class=\"elementor-element elementor-element-7236d4b elementor-widget elementor-widget-text-editor\" data-id=\"7236d4b\" data-element_type=\"widget\" data-widget_type=\"text-editor.default\">\n\t\t\t\t<div class=\"elementor-widget-container\">\n\t\t\t\t\t\t\t<p><span style=\"font-family: 'Roboto Slab', sans-serif; font-size: 20px;\">DERECHOS DE PROPIEDAD INTELECTUAL O INDUSTRIAL<\/span><\/p>\t\t\t\t\t\t<\/div>\n\t\t\t\t<\/div>\n\t\t\t\t<div class=\"elementor-element elementor-element-988a16f elementor-widget elementor-widget-text-editor\" data-id=\"988a16f\" data-element_type=\"widget\" data-widget_type=\"text-editor.default\">\n\t\t\t\t<div class=\"elementor-widget-container\">\n\t\t\t\t\t\t\t<p><span style=\"font-size: 0.9em; font-family: inherit;\">Mediante estas condiciones de uso no se cede ning\u00fan derecho de propiedad intelectual o industrial sobre el Sitio Web ni sobre ninguno de sus elementos integrantes, quedando expresamente prohibidos al usuario la reproducci\u00f3n, transformaci\u00f3n, distribuci\u00f3n, comunicaci\u00f3n p\u00fablica, puesta a disposici\u00f3n, extracci\u00f3n, reutilizaci\u00f3n, reenv\u00edo o la utilizaci\u00f3n de cualquier naturaleza, por cualquier medio o procedimiento, de cualquiera de ellos, salvo en los casos en que est\u00e9 legalmente permitido o sea autorizado expresamente y por escrito por Basquetour.<\/span><\/p><p>El usuario deber\u00e1 abstenerse de obtener, o intentar obtener, los contenidos ofrecidos en este Sitio Web por medios o procedimientos distintos de los que en cada caso se hayan puesto a su disposici\u00f3n o indicado al efecto. El usuario deber\u00e1 respetar en todo momento todos los derechos de propiedad intelectual e industrial sobre el Sitio Web y sus contenidos, titularidad de Basquetour y\/o de terceros.<\/p>\t\t\t\t\t\t<\/div>\n\t\t\t\t<\/div>\n\t\t\t\t<div class=\"elementor-element elementor-element-bf33f33 elementor-widget elementor-widget-text-editor\" data-id=\"bf33f33\" data-element_type=\"widget\" data-widget_type=\"text-editor.default\">\n\t\t\t\t<div class=\"elementor-widget-container\">\n\t\t\t\t\t\t\t<p><span style=\"font-family: 'Roboto Slab', sans-serif; font-size: 20px;\">ENLACES<\/span><\/p>\t\t\t\t\t\t<\/div>\n\t\t\t\t<\/div>\n\t\t\t\t<div class=\"elementor-element elementor-element-3925936 elementor-widget elementor-widget-text-editor\" data-id=\"3925936\" data-element_type=\"widget\" data-widget_type=\"text-editor.default\">\n\t\t\t\t<div class=\"elementor-widget-container\">\n\t\t\t\t\t\t\t<p><span style=\"font-size: 0.9em;\">El hecho de que Basquetour incluya en el Sitio Web alg\u00fan enlace a p\u00e1ginas web de terceros no implica que Basquetour acepta responsabilidad alguna en relaci\u00f3n con ese sitio web de terceros, su contenido o uso o por el uso de los productos y\/o servicios que se faciliten a trav\u00e9s de aqu\u00e9l, por lo que es conveniente que consulte los t\u00e9rminos, las condiciones y las pol\u00edticas de tales sitios web mientras el usuario navegue por estos.<\/span><\/p><p>El uso de hiperenlaces a este Sitio Web podr\u00e1 realizarse siempre que dicho hiperenlace (i) no cree ning\u00fan marco o ning\u00fan entorno de navegador o borde alrededor del contenido del Sitio Web; (ii) no sugiera que Basquetour aprueba los productos o servicios disponibles a trav\u00e9s del sitio web en el que Ud. coloque un hiperenlace; y (iii) no se coloque en un sitio web que muestre un contenido ilegal o que pudiese constituir o fomentar la comisi\u00f3n de un delito o la violaci\u00f3n de normas. Ud. es el \u00fanico responsable de estos hiperenlaces y Basquetour se reserva el derecho a solicitar su eliminaci\u00f3n.<\/p>\t\t\t\t\t\t<\/div>\n\t\t\t\t<\/div>\n\t\t\t\t<div class=\"elementor-element elementor-element-e7e6043 elementor-widget elementor-widget-text-editor\" data-id=\"e7e6043\" data-element_type=\"widget\" data-widget_type=\"text-editor.default\">\n\t\t\t\t<div class=\"elementor-widget-container\">\n\t\t\t\t\t\t\t<p><span style=\"font-family: 'Roboto Slab', sans-serif; font-size: 20px;\">DATOS PERSONALES<\/span><\/p>\t\t\t\t\t\t<\/div>\n\t\t\t\t<\/div>\n\t\t\t\t<div class=\"elementor-element elementor-element-558cc1b elementor-widget elementor-widget-text-editor\" data-id=\"558cc1b\" data-element_type=\"widget\" data-widget_type=\"text-editor.default\">\n\t\t\t\t<div class=\"elementor-widget-container\">\n\t\t\t\t\t\t\t<p>Los datos personales que el usuario facilite a Basquetour a trav\u00e9s del Sitio Web ser\u00e1n objeto de tratamiento bajo la responsabilidad de Basquetour (y, en su caso, incorporados a ficheros de su titularidad) para gestionar y controlar (i) el registro conforme a estas condiciones de uso de la p\u00e1gina web; (ii) el uso del Banco de Im\u00e1genes de conformidad con las condiciones de uso a las que est\u00e9 sujeto dicho uso, (iii) las preferencias de publicidad que el usuario haya indicado en la solicitud de registro (o que modifique posteriormente, en su caso) y (iv) el Cat\u00e1logo de Proveedores para el Sector Tur\u00edstico. El titular de los datos personales podr\u00e1 remitir las solicitudes escritas que, en su caso, procedan, de acceso, rectificaci\u00f3n, cancelaci\u00f3n u oposici\u00f3n (en particular, a los efectos de las modificaciones de las preferencias de publicidad), acreditando su identidad, a info@basquetour.net o al domicilio social de Basquetour indicado en estas condiciones.<\/p>\t\t\t\t\t\t<\/div>\n\t\t\t\t<\/div>\n\t\t\t\t\t<\/div>\n\t\t<\/div>\n\t\t\t\t<div class=\"jvfrm-parallax-section elementor-column elementor-col-16 elementor-top-column elementor-element elementor-element-0d53a5d\" data-id=\"0d53a5d\" data-element_type=\"column\">\n\t\t\t<div class=\"elementor-widget-wrap\">\n\t\t\t\t\t\t\t<\/div>\n\t\t<\/div>\n\t\t\t\t\t<\/div>\n\t\t<\/section>\n\t\t\t\t<\/div>\n\t\t","protected":false},"excerpt":{"rendered":"<p>AVISO LEGAL BASQUETOUR Las presentes condiciones regulan el acceso y uso del sitio web www.basquetour.net (el \u201cSitio Web\u201d), cuya explotaci\u00f3n corresponde a Basquetour, Turismoaren Euskal Agentzia-Agencia Vasca de Turismo, S.A. (\u201cBasquetour\u201d), con NIF A95444501 y domicilio social en Alameda de Urquijo 36-5\u00aa 48011 Bilbao (Espa\u00f1a), inscrita en el Registro Mercantil de Bizkaia, tomo 4748, Gral. [&hellip;]<\/p>\n","protected":false},"author":1,"featured_media":0,"parent":0,"menu_order":21,"comment_status":"closed","ping_status":"closed","template":"elementor_header_footer","meta":{"footnotes":""},"class_list":["post-49579","page","type-page","status-publish","hentry"],"yoast_head":"<!-- This site is optimized with the Yoast SEO plugin v27.3 - https:\/\/yoast.com\/product\/yoast-seo-wordpress\/ -->\n<title>Aviso Legal | Red Museos Costa Vasca<\/title>\n<meta name=\"robots\" content=\"noindex, nofollow\" \/>\n<meta property=\"og:locale\" content=\"es_ES\" \/>\n<meta property=\"og:type\" content=\"article\" \/>\n<meta property=\"og:title\" content=\"Aviso Legal | Red Museos Costa Vasca\" \/>\n<meta property=\"og:description\" content=\"AVISO LEGAL BASQUETOUR Las presentes condiciones regulan el acceso y uso del sitio web www.basquetour.net (el \u201cSitio Web\u201d), cuya explotaci\u00f3n corresponde a Basquetour, Turismoaren Euskal Agentzia-Agencia Vasca de Turismo, S.A. (\u201cBasquetour\u201d), con NIF A95444501 y domicilio social en Alameda de Urquijo 36-5\u00aa 48011 Bilbao (Espa\u00f1a), inscrita en el Registro Mercantil de Bizkaia, tomo 4748, Gral. [&hellip;]\" \/>\n<meta property=\"og:url\" content=\"https:\/\/losmuseosdelacostavasca.eus\/es\/aviso-legal\/\" \/>\n<meta property=\"og:site_name\" content=\"Red Museos Costa Vasca\" \/>\n<meta property=\"article:modified_time\" content=\"2023-01-16T13:03:26+00:00\" \/>\n<meta name=\"twitter:card\" content=\"summary_large_image\" \/>\n<meta name=\"twitter:label1\" content=\"Tiempo de lectura\" \/>\n\t<meta name=\"twitter:data1\" content=\"4 minutos\" \/>\n<script type=\"application\/ld+json\" class=\"yoast-schema-graph\">{\"@context\":\"https:\\\/\\\/schema.org\",\"@graph\":[{\"@type\":\"WebPage\",\"@id\":\"https:\\\/\\\/losmuseosdelacostavasca.eus\\\/es\\\/aviso-legal\\\/\",\"url\":\"https:\\\/\\\/losmuseosdelacostavasca.eus\\\/es\\\/aviso-legal\\\/\",\"name\":\"Aviso Legal | Red Museos Costa Vasca\",\"isPartOf\":{\"@id\":\"https:\\\/\\\/losmuseosdelacostavasca.eus\\\/es\\\/#website\"},\"datePublished\":\"2022-09-23T08:47:23+00:00\",\"dateModified\":\"2023-01-16T13:03:26+00:00\",\"breadcrumb\":{\"@id\":\"https:\\\/\\\/losmuseosdelacostavasca.eus\\\/es\\\/aviso-legal\\\/#breadcrumb\"},\"inLanguage\":\"es\",\"potentialAction\":[{\"@type\":\"ReadAction\",\"target\":[\"https:\\\/\\\/losmuseosdelacostavasca.eus\\\/es\\\/aviso-legal\\\/\"]}]},{\"@type\":\"BreadcrumbList\",\"@id\":\"https:\\\/\\\/losmuseosdelacostavasca.eus\\\/es\\\/aviso-legal\\\/#breadcrumb\",\"itemListElement\":[{\"@type\":\"ListItem\",\"position\":1,\"name\":\"Portada\",\"item\":\"https:\\\/\\\/losmuseosdelacostavasca.eus\\\/es\\\/\"},{\"@type\":\"ListItem\",\"position\":2,\"name\":\"Aviso Legal\"}]},{\"@type\":\"WebSite\",\"@id\":\"https:\\\/\\\/losmuseosdelacostavasca.eus\\\/es\\\/#website\",\"url\":\"https:\\\/\\\/losmuseosdelacostavasca.eus\\\/es\\\/\",\"name\":\"Museos de la Costa Vasca - Euskal Kostaldeko Museoak\",\"description\":\"Basquetour\",\"publisher\":{\"@id\":\"https:\\\/\\\/losmuseosdelacostavasca.eus\\\/es\\\/#organization\"},\"alternateName\":\"Red de Museos de la Costa Vasca\",\"potentialAction\":[{\"@type\":\"SearchAction\",\"target\":{\"@type\":\"EntryPoint\",\"urlTemplate\":\"https:\\\/\\\/losmuseosdelacostavasca.eus\\\/es\\\/?s={search_term_string}\"},\"query-input\":{\"@type\":\"PropertyValueSpecification\",\"valueRequired\":true,\"valueName\":\"search_term_string\"}}],\"inLanguage\":\"es\"},{\"@type\":\"Organization\",\"@id\":\"https:\\\/\\\/losmuseosdelacostavasca.eus\\\/es\\\/#organization\",\"name\":\"Red de Museos de la Costa Vasca - Euskal Kostaldeko Museoen Sarea\",\"url\":\"https:\\\/\\\/losmuseosdelacostavasca.eus\\\/es\\\/\",\"logo\":{\"@type\":\"ImageObject\",\"inLanguage\":\"es\",\"@id\":\"https:\\\/\\\/losmuseosdelacostavasca.eus\\\/es\\\/#\\\/schema\\\/logo\\\/image\\\/\",\"url\":\"https:\\\/\\\/losmuseosdelacostavasca.eus\\\/wp-content\\\/uploads\\\/red_museos.png\",\"contentUrl\":\"https:\\\/\\\/losmuseosdelacostavasca.eus\\\/wp-content\\\/uploads\\\/red_museos.png\",\"width\":943,\"height\":252,\"caption\":\"Red de Museos de la Costa Vasca - Euskal Kostaldeko Museoen Sarea\"},\"image\":{\"@id\":\"https:\\\/\\\/losmuseosdelacostavasca.eus\\\/es\\\/#\\\/schema\\\/logo\\\/image\\\/\"}}]}<\/script>\n<!-- \/ Yoast SEO plugin. -->","yoast_head_json":{"title":"Aviso Legal | Red Museos Costa Vasca","robots":{"index":"noindex","follow":"nofollow"},"og_locale":"es_ES","og_type":"article","og_title":"Aviso Legal | Red Museos Costa Vasca","og_description":"AVISO LEGAL BASQUETOUR Las presentes condiciones regulan el acceso y uso del sitio web www.basquetour.net (el \u201cSitio Web\u201d), cuya explotaci\u00f3n corresponde a Basquetour, Turismoaren Euskal Agentzia-Agencia Vasca de Turismo, S.A. (\u201cBasquetour\u201d), con NIF A95444501 y domicilio social en Alameda de Urquijo 36-5\u00aa 48011 Bilbao (Espa\u00f1a), inscrita en el Registro Mercantil de Bizkaia, tomo 4748, Gral. [&hellip;]","og_url":"https:\/\/losmuseosdelacostavasca.eus\/es\/aviso-legal\/","og_site_name":"Red Museos Costa Vasca","article_modified_time":"2023-01-16T13:03:26+00:00","twitter_card":"summary_large_image","twitter_misc":{"Tiempo de lectura":"4 minutos"},"schema":{"@context":"https:\/\/schema.org","@graph":[{"@type":"WebPage","@id":"https:\/\/losmuseosdelacostavasca.eus\/es\/aviso-legal\/","url":"https:\/\/losmuseosdelacostavasca.eus\/es\/aviso-legal\/","name":"Aviso Legal | Red Museos Costa Vasca","isPartOf":{"@id":"https:\/\/losmuseosdelacostavasca.eus\/es\/#website"},"datePublished":"2022-09-23T08:47:23+00:00","dateModified":"2023-01-16T13:03:26+00:00","breadcrumb":{"@id":"https:\/\/losmuseosdelacostavasca.eus\/es\/aviso-legal\/#breadcrumb"},"inLanguage":"es","potentialAction":[{"@type":"ReadAction","target":["https:\/\/losmuseosdelacostavasca.eus\/es\/aviso-legal\/"]}]},{"@type":"BreadcrumbList","@id":"https:\/\/losmuseosdelacostavasca.eus\/es\/aviso-legal\/#breadcrumb","itemListElement":[{"@type":"ListItem","position":1,"name":"Portada","item":"https:\/\/losmuseosdelacostavasca.eus\/es\/"},{"@type":"ListItem","position":2,"name":"Aviso Legal"}]},{"@type":"WebSite","@id":"https:\/\/losmuseosdelacostavasca.eus\/es\/#website","url":"https:\/\/losmuseosdelacostavasca.eus\/es\/","name":"Museos de la Costa Vasca - Euskal Kostaldeko Museoak","description":"Basquetour","publisher":{"@id":"https:\/\/losmuseosdelacostavasca.eus\/es\/#organization"},"alternateName":"Red de Museos de la Costa Vasca","potentialAction":[{"@type":"SearchAction","target":{"@type":"EntryPoint","urlTemplate":"https:\/\/losmuseosdelacostavasca.eus\/es\/?s={search_term_string}"},"query-input":{"@type":"PropertyValueSpecification","valueRequired":true,"valueName":"search_term_string"}}],"inLanguage":"es"},{"@type":"Organization","@id":"https:\/\/losmuseosdelacostavasca.eus\/es\/#organization","name":"Red de Museos de la Costa Vasca - Euskal Kostaldeko Museoen Sarea","url":"https:\/\/losmuseosdelacostavasca.eus\/es\/","logo":{"@type":"ImageObject","inLanguage":"es","@id":"https:\/\/losmuseosdelacostavasca.eus\/es\/#\/schema\/logo\/image\/","url":"https:\/\/losmuseosdelacostavasca.eus\/wp-content\/uploads\/red_museos.png","contentUrl":"https:\/\/losmuseosdelacostavasca.eus\/wp-content\/uploads\/red_museos.png","width":943,"height":252,"caption":"Red de Museos de la Costa Vasca - Euskal Kostaldeko Museoen Sarea"},"image":{"@id":"https:\/\/losmuseosdelacostavasca.eus\/es\/#\/schema\/logo\/image\/"}}]}},"_links":{"self":[{"href":"https:\/\/losmuseosdelacostavasca.eus\/es\/wp-json\/wp\/v2\/pages\/49579","targetHints":{"allow":["GET"]}}],"collection":[{"href":"https:\/\/losmuseosdelacostavasca.eus\/es\/wp-json\/wp\/v2\/pages"}],"about":[{"href":"https:\/\/losmuseosdelacostavasca.eus\/es\/wp-json\/wp\/v2\/types\/page"}],"author":[{"embeddable":true,"href":"https:\/\/losmuseosdelacostavasca.eus\/es\/wp-json\/wp\/v2\/users\/1"}],"replies":[{"embeddable":true,"href":"https:\/\/losmuseosdelacostavasca.eus\/es\/wp-json\/wp\/v2\/comments?post=49579"}],"version-history":[{"count":0,"href":"https:\/\/losmuseosdelacostavasca.eus\/es\/wp-json\/wp\/v2\/pages\/49579\/revisions"}],"wp:attachment":[{"href":"https:\/\/losmuseosdelacostavasca.eus\/es\/wp-json\/wp\/v2\/media?parent=49579"}],"curies":[{"name":"wp","href":"https:\/\/api.w.org\/{rel}","templated":true}]}}